{"id":100224,"date":"2018-03-01T13:04:10","date_gmt":"2018-03-01T13:04:10","guid":{"rendered":"https:\/\/www.pmbhurt.com\/?page_id=100224"},"modified":"2024-05-30T20:19:38","modified_gmt":"2024-05-30T20:19:38","slug":"blog","status":"publish","type":"page","link":"https:\/\/www.pmbhurt.com\/de\/blog\/","title":{"rendered":"Blog"},"content":{"rendered":"<div class=\"wpb-content-wrapper\"><section class=\"vc_row wpb_row vc_row-fluid\"><div class=\"wpb_column vc_column_container col-xs-mobile-fullwidth vc_col-sm-12\"><div class=\"vc_column-inner\"><div class=\"wpb_wrapper\"><div class=\"hongo-blog-styles hongo-blog-side-image\"><div class=\"blog-posts blog-side-image\" data-col=\"2\"><ul class=\"post-grid hongo-blog-common blog-style-unique-1 blog-post-gutter gutter-medium\" data-uniqueid=\"blog-style-unique-1\"><li class=\"grid-sizer\"><\/li><li class=\"grid-item blog-post blog-post-content pull-left blog-style1-1 col-lg-6 col-md-6 col-sm-6 col-xs-12 hongo-filter-tab-content pmb-blog\"><div class=\"post-100286 post type-post status-publish format-standard has-post-thumbnail hentry category-pmb-blog\"><div class=\"equalize sm-equalize-auto width-100\"><div class=\"blog-image col-md-5\"><a href=\"https:\/\/www.pmbhurt.com\/de\/modetrends-fuer-den-sommer-2024-was-wird-angesagt-sein\/\"><img loading=\"lazy\" decoding=\"async\" width=\"450\" height=\"574\" src=\"https:\/\/www.pmbhurt.com\/wp-content\/uploads\/2019\/07\/Projekt-bez-nazwy-27-1.png-450x574.webp\" class=\"attachment-hongo-medium-image size-hongo-medium-image wp-post-image\" alt=\"\" title=\"\" srcset=\"https:\/\/www.pmbhurt.com\/wp-content\/uploads\/2019\/07\/Projekt-bez-nazwy-27-1.png-450x574.webp 450w, https:\/\/www.pmbhurt.com\/wp-content\/uploads\/2019\/07\/Projekt-bez-nazwy-27-1.png-235x300.webp 235w, https:\/\/www.pmbhurt.com\/wp-content\/uploads\/2019\/07\/Projekt-bez-nazwy-27-1.png-768x979.webp 768w, https:\/\/www.pmbhurt.com\/wp-content\/uploads\/2019\/07\/Projekt-bez-nazwy-27-1.png-84x107.webp 84w, https:\/\/www.pmbhurt.com\/wp-content\/uploads\/2019\/07\/Projekt-bez-nazwy-27-1.png-200x255.webp 200w, https:\/\/www.pmbhurt.com\/wp-content\/uploads\/2019\/07\/Projekt-bez-nazwy-27-1.png-600x765.webp 600w, https:\/\/www.pmbhurt.com\/wp-content\/uploads\/2019\/07\/Projekt-bez-nazwy-27-1.png-620x790.webp 620w, https:\/\/www.pmbhurt.com\/wp-content\/uploads\/2019\/07\/Projekt-bez-nazwy-27-1.png-360x459.webp 360w, https:\/\/www.pmbhurt.com\/wp-content\/uploads\/2019\/07\/Projekt-bez-nazwy-27-1.png.webp 800w\" sizes=\"auto, (max-width: 450px) 100vw, 450px\" \/><\/a><\/div><div class=\"blog-text col-md-7\"><div class=\"display-table height-100\"><div class=\"content display-table-cell vertical-align-middle\"><div class=\"hongo-blog-post-category alt-font\"><a href=\"https:\/\/www.pmbhurt.com\/de\/category\/pmb-blog\/\" class=\"hongo-blog-post-meta\" rel=\"category tag\">PMB Blog<\/a><\/div><a class=\"entry-title alt-font\" href=\"https:\/\/www.pmbhurt.com\/de\/modetrends-fuer-den-sommer-2024-was-wird-angesagt-sein\/\">Modetrends f\u00fcr den Sommer 2024: Was wird angesagt sein?<\/a><div class=\"entry-content\">Der Sommer 2024 r\u00fcckt mit gro\u00dfen Schritten n\u00e4her und mit ihm die neuen Trends, die die Stra\u00dfen und...<\/div><div class=\"separator-line-horizontal-full\"><\/div><div class=\"hongo-blog-post-meta blog-date-author alt-font\"><span class=\"hongo-blog-post-meta blog-date display-inline-block published\">26 Juli 2019<\/span><time class=\"updated display-none\" datetime=\"2024-05-31T16:43:19+00:00\">31 Mai 2024<\/time><span class=\"blog-separator vertical-align-middle\">|<\/span><span class=\"hongo-blog-post-meta blog-author display-inline-block\">By <span class=\"author vcard\"><a href=\"https:\/\/www.pmbhurt.com\/de\/author\/admin\/\" class=\"url fn n\">admin<\/a><\/span><\/span><\/div><\/div><\/div><\/div><\/div><\/div><\/li><li class=\"grid-item blog-post blog-post-content pull-left blog-style1-2 col-lg-6 col-md-6 col-sm-6 col-xs-12 hongo-filter-tab-content pmb-blog\"><div class=\"post-100288 post type-post status-publish format-standard has-post-thumbnail hentry category-pmb-blog\"><div class=\"equalize sm-equalize-auto width-100\"><div class=\"blog-image col-md-5\"><a href=\"https:\/\/www.pmbhurt.com\/de\/damenanzuege-eleganz-und-staerke-in-einem\/\"><img loading=\"lazy\" decoding=\"async\" width=\"450\" height=\"574\" src=\"https:\/\/www.pmbhurt.com\/wp-content\/uploads\/2019\/07\/2.png-450x574.webp\" class=\"attachment-hongo-medium-image size-hongo-medium-image wp-post-image\" alt=\"\" title=\"\" srcset=\"https:\/\/www.pmbhurt.com\/wp-content\/uploads\/2019\/07\/2.png-450x574.webp 450w, https:\/\/www.pmbhurt.com\/wp-content\/uploads\/2019\/07\/2.png-235x300.webp 235w, https:\/\/www.pmbhurt.com\/wp-content\/uploads\/2019\/07\/2.png-768x979.webp 768w, https:\/\/www.pmbhurt.com\/wp-content\/uploads\/2019\/07\/2.png-84x107.webp 84w, https:\/\/www.pmbhurt.com\/wp-content\/uploads\/2019\/07\/2.png-200x255.webp 200w, https:\/\/www.pmbhurt.com\/wp-content\/uploads\/2019\/07\/2.png-600x765.webp 600w, https:\/\/www.pmbhurt.com\/wp-content\/uploads\/2019\/07\/2.png-620x790.webp 620w, https:\/\/www.pmbhurt.com\/wp-content\/uploads\/2019\/07\/2.png-360x459.webp 360w, https:\/\/www.pmbhurt.com\/wp-content\/uploads\/2019\/07\/2.png.webp 800w\" sizes=\"auto, (max-width: 450px) 100vw, 450px\" \/><\/a><\/div><div class=\"blog-text col-md-7\"><div class=\"display-table height-100\"><div class=\"content display-table-cell vertical-align-middle\"><div class=\"hongo-blog-post-category alt-font\"><a href=\"https:\/\/www.pmbhurt.com\/de\/category\/pmb-blog\/\" class=\"hongo-blog-post-meta\" rel=\"category tag\">PMB Blog<\/a><\/div><a class=\"entry-title alt-font\" href=\"https:\/\/www.pmbhurt.com\/de\/damenanzuege-eleganz-und-staerke-in-einem\/\">Damenanz\u00fcge: Eleganz und St\u00e4rke in einem<\/a><div class=\"entry-content\">Damenanz\u00fcge sind einer der hei\u00dfesten Modetrends der letzten Jahre. Sie setzen einen neuen Standard f\u00fcr Eleganz, indem sie...<\/div><div class=\"separator-line-horizontal-full\"><\/div><div class=\"hongo-blog-post-meta blog-date-author alt-font\"><span class=\"hongo-blog-post-meta blog-date display-inline-block published\">24 Juli 2019<\/span><time class=\"updated display-none\" datetime=\"2024-05-31T17:01:27+00:00\">31 Mai 2024<\/time><span class=\"blog-separator vertical-align-middle\">|<\/span><span class=\"hongo-blog-post-meta blog-author display-inline-block\">By <span class=\"author vcard\"><a href=\"https:\/\/www.pmbhurt.com\/de\/author\/admin\/\" class=\"url fn n\">admin<\/a><\/span><\/span><\/div><\/div><\/div><\/div><\/div><\/div><\/li><li class=\"grid-item blog-post blog-post-content pull-left blog-style1-3 col-lg-6 col-md-6 col-sm-6 col-xs-12 hongo-filter-tab-content pmb-blog\"><div class=\"post-100290 post type-post status-publish format-standard has-post-thumbnail hentry category-pmb-blog\"><div class=\"equalize sm-equalize-auto width-100\"><div class=\"blog-image col-md-5\"><a href=\"https:\/\/www.pmbhurt.com\/de\/kleider-oder-hosen-was-wird-modischer-sein\/\"><img loading=\"lazy\" decoding=\"async\" width=\"450\" height=\"574\" src=\"https:\/\/www.pmbhurt.com\/wp-content\/uploads\/2019\/07\/Projekt-bez-nazwy-27.png-450x574.webp\" class=\"attachment-hongo-medium-image size-hongo-medium-image wp-post-image\" alt=\"\" title=\"\" srcset=\"https:\/\/www.pmbhurt.com\/wp-content\/uploads\/2019\/07\/Projekt-bez-nazwy-27.png-450x574.webp 450w, https:\/\/www.pmbhurt.com\/wp-content\/uploads\/2019\/07\/Projekt-bez-nazwy-27.png-235x300.webp 235w, https:\/\/www.pmbhurt.com\/wp-content\/uploads\/2019\/07\/Projekt-bez-nazwy-27.png-768x979.webp 768w, https:\/\/www.pmbhurt.com\/wp-content\/uploads\/2019\/07\/Projekt-bez-nazwy-27.png-84x107.webp 84w, https:\/\/www.pmbhurt.com\/wp-content\/uploads\/2019\/07\/Projekt-bez-nazwy-27.png-200x255.webp 200w, https:\/\/www.pmbhurt.com\/wp-content\/uploads\/2019\/07\/Projekt-bez-nazwy-27.png-600x765.webp 600w, https:\/\/www.pmbhurt.com\/wp-content\/uploads\/2019\/07\/Projekt-bez-nazwy-27.png-620x790.webp 620w, https:\/\/www.pmbhurt.com\/wp-content\/uploads\/2019\/07\/Projekt-bez-nazwy-27.png-360x459.webp 360w, https:\/\/www.pmbhurt.com\/wp-content\/uploads\/2019\/07\/Projekt-bez-nazwy-27.png.webp 800w\" sizes=\"auto, (max-width: 450px) 100vw, 450px\" \/><\/a><\/div><div class=\"blog-text col-md-7\"><div class=\"display-table height-100\"><div class=\"content display-table-cell vertical-align-middle\"><div class=\"hongo-blog-post-category alt-font\"><a href=\"https:\/\/www.pmbhurt.com\/de\/category\/pmb-blog\/\" class=\"hongo-blog-post-meta\" rel=\"category tag\">PMB Blog<\/a><\/div><a class=\"entry-title alt-font\" href=\"https:\/\/www.pmbhurt.com\/de\/kleider-oder-hosen-was-wird-modischer-sein\/\">Kleider oder Hosen? Was wird modischer sein?<\/a><div class=\"entry-content\">Mode ist ein st\u00e4ndiges Spiel zwischen verschiedenen Stilen und Vorlieben. Im Jahr 2024 ist diese Dynamik besonders sichtbar...<\/div><div class=\"separator-line-horizontal-full\"><\/div><div class=\"hongo-blog-post-meta blog-date-author alt-font\"><span class=\"hongo-blog-post-meta blog-date display-inline-block published\">22 Juli 2019<\/span><time class=\"updated display-none\" datetime=\"2024-05-31T17:34:15+00:00\">31 Mai 2024<\/time><span class=\"blog-separator vertical-align-middle\">|<\/span><span class=\"hongo-blog-post-meta blog-author display-inline-block\">By <span class=\"author vcard\"><a href=\"https:\/\/www.pmbhurt.com\/de\/author\/admin\/\" class=\"url fn n\">admin<\/a><\/span><\/span><\/div><\/div><\/div><\/div><\/div><\/div><\/li><li class=\"grid-item blog-post blog-post-content pull-left blog-style1-4 col-lg-6 col-md-6 col-sm-6 col-xs-12 hongo-filter-tab-content pmb-blog\"><div class=\"post-100292 post type-post status-publish format-standard has-post-thumbnail hentry category-pmb-blog\"><div class=\"equalize sm-equalize-auto width-100\"><div class=\"blog-image col-md-5\"><a href=\"https:\/\/www.pmbhurt.com\/de\/erdtoene-natuerlichkeit-und-eleganz\/\"><img loading=\"lazy\" decoding=\"async\" width=\"450\" height=\"574\" src=\"https:\/\/www.pmbhurt.com\/wp-content\/uploads\/2019\/07\/1.png-450x574.webp\" class=\"attachment-hongo-medium-image size-hongo-medium-image wp-post-image\" alt=\"\" title=\"\" srcset=\"https:\/\/www.pmbhurt.com\/wp-content\/uploads\/2019\/07\/1.png-450x574.webp 450w, https:\/\/www.pmbhurt.com\/wp-content\/uploads\/2019\/07\/1.png-235x300.webp 235w, https:\/\/www.pmbhurt.com\/wp-content\/uploads\/2019\/07\/1.png-768x979.webp 768w, https:\/\/www.pmbhurt.com\/wp-content\/uploads\/2019\/07\/1.png-84x107.webp 84w, https:\/\/www.pmbhurt.com\/wp-content\/uploads\/2019\/07\/1.png-200x255.webp 200w, https:\/\/www.pmbhurt.com\/wp-content\/uploads\/2019\/07\/1.png-600x765.webp 600w, https:\/\/www.pmbhurt.com\/wp-content\/uploads\/2019\/07\/1.png-620x790.webp 620w, https:\/\/www.pmbhurt.com\/wp-content\/uploads\/2019\/07\/1.png-360x459.webp 360w, https:\/\/www.pmbhurt.com\/wp-content\/uploads\/2019\/07\/1.png.webp 800w\" sizes=\"auto, (max-width: 450px) 100vw, 450px\" \/><\/a><\/div><div class=\"blog-text col-md-7\"><div class=\"display-table height-100\"><div class=\"content display-table-cell vertical-align-middle\"><div class=\"hongo-blog-post-category alt-font\"><a href=\"https:\/\/www.pmbhurt.com\/de\/category\/pmb-blog\/\" class=\"hongo-blog-post-meta\" rel=\"category tag\">PMB Blog<\/a><\/div><a class=\"entry-title alt-font\" href=\"https:\/\/www.pmbhurt.com\/de\/erdtoene-natuerlichkeit-und-eleganz\/\">Erdt\u00f6ne: Nat\u00fcrlichkeit und Eleganz<\/a><div class=\"entry-content\">Im Jahr 2024 gewinnt die Mode in Erdt\u00f6nen an Beliebtheit und bringt eine Farbpalette, die von der Natur...<\/div><div class=\"separator-line-horizontal-full\"><\/div><div class=\"hongo-blog-post-meta blog-date-author alt-font\"><span class=\"hongo-blog-post-meta blog-date display-inline-block published\">01 Juli 2019<\/span><time class=\"updated display-none\" datetime=\"2024-05-31T17:40:28+00:00\">31 Mai 2024<\/time><span class=\"blog-separator vertical-align-middle\">|<\/span><span class=\"hongo-blog-post-meta blog-author display-inline-block\">By <span class=\"author vcard\"><a href=\"https:\/\/www.pmbhurt.com\/de\/author\/admin\/\" class=\"url fn n\">admin<\/a><\/span><\/span><\/div><\/div><\/div><\/div><\/div><\/div><\/li><\/ul><\/div><\/div><\/div><\/div><\/div><\/section>\n<\/div>","protected":false},"excerpt":{"rendered":"Im Jahr 2024 gewinnt die Mode in Erdt\u00f6nen an Beliebtheit und bringt eine Farbpalette, die von der Natur inspiriert ist, in die Damengarderobe. Braunt\u00f6ne, Beige, Gr\u00fcn und Graut\u00f6ne beruhigen nicht nur die Sinne, sondern verleihen jedem Outfit auch Eleganz und Ruhe. In diesem Artikel schauen wir uns an, warum Erdt\u00f6ne so modisch sind und wie man sie tr\u00e4gt, um stilvoll und modern auszusehen. 1. Warum Erdt\u00f6ne? Nat\u00fcrliches Sch\u00f6nheits: Erdt\u00f6ne erinnern an Farben, die in der Natur vorkommen \u2013 Braunt\u00f6ne erinnern an Erde und Holz, Gr\u00fcnt\u00f6ne an Pflanzen, und Beige und Grau an Steine und Sand. Das Tragen solcher Farben l\u00e4sst uns der Natur n\u00e4her f\u00fchlen, was in Zeiten zunehmenden Umweltbewusstseins besonders wichtig ist. Vielseitigkeit: Erdt\u00f6ne sind \u00e4u\u00dferst vielseitig und lassen sich leicht mit anderen Farben kombinieren. Sie passen zu verschiedenen Hauttypen und Stilrichtungen, was sie zu einer ausgezeichneten Wahl f\u00fcr jeden Anlass macht. Eleganz und Ruhe: Erdt\u00f6ne strahlen Eleganz und Ruhe aus. Sie sind dezent und verleihen Outfits Klasse und Zeitlosigkeit. Mit ihnen lassen sich sowohl formelle als auch l\u00e4ssige Looks kreieren. 2. Erdt\u00f6ne in der Mode: Wichtige Schattierungen Braunt\u00f6ne: Von hellem Beige bis hin zu tiefem Schokoladenbraun sind Braunt\u00f6ne die Grundlage der Mode in Erdt\u00f6nen. Sie eignen sich hervorragend...","protected":false},"author":1,"featured_media":0,"parent":0,"menu_order":0,"comment_status":"closed","ping_status":"closed","template":"","meta":{"footnotes":""},"class_list":["post-100224","page","type-page","status-publish","hentry"],"_links":{"self":[{"href":"https:\/\/www.pmbhurt.com\/de\/wp-json\/wp\/v2\/pages\/100224","targetHints":{"allow":["GET"]}}],"collection":[{"href":"https:\/\/www.pmbhurt.com\/de\/wp-json\/wp\/v2\/pages"}],"about":[{"href":"https:\/\/www.pmbhurt.com\/de\/wp-json\/wp\/v2\/types\/page"}],"author":[{"embeddable":true,"href":"https:\/\/www.pmbhurt.com\/de\/wp-json\/wp\/v2\/users\/1"}],"replies":[{"embeddable":true,"href":"https:\/\/www.pmbhurt.com\/de\/wp-json\/wp\/v2\/comments?post=100224"}],"version-history":[{"count":1,"href":"https:\/\/www.pmbhurt.com\/de\/wp-json\/wp\/v2\/pages\/100224\/revisions"}],"predecessor-version":[{"id":100225,"href":"https:\/\/www.pmbhurt.com\/de\/wp-json\/wp\/v2\/pages\/100224\/revisions\/100225"}],"wp:attachment":[{"href":"https:\/\/www.pmbhurt.com\/de\/wp-json\/wp\/v2\/media?parent=100224"}],"curies":[{"name":"wp","href":"https:\/\/api.w.org\/{rel}","templated":true}]}}