{"id":100235,"date":"2018-06-01T06:52:28","date_gmt":"2018-06-01T06:52:28","guid":{"rendered":"https:\/\/www.pmbhurt.com\/?page_id=100235"},"modified":"2024-05-31T16:41:03","modified_gmt":"2024-05-31T16:41:03","slug":"uber-uns","status":"publish","type":"page","link":"https:\/\/www.pmbhurt.com\/de\/uber-uns\/","title":{"rendered":"\u00dcber uns"},"content":{"rendered":"<div class=\"wpb-content-wrapper\"><section class=\"vc_row wpb_row vc_row-fluid  vc_custom_1558757898852\"><div class=\"wpb_column vc_column_container vc_col-sm-8 vc_col-lg-offset-3 vc_col-lg-6 vc_col-md-offset-2 vc_col-md-8 vc_col-sm-offset-2 vc_col-xs-12 text-center\"><div class=\"vc_column-inner\"><div class=\"wpb_wrapper\"><div class=\"alt-font heading-style-6 vc_custom_1717104328905 heading-1 hongo-section-heading hongo_font_1717104328904\"><span>SETZEN SIE AUF QUALIT\u00c4T<\/span><\/div><div class=\"alt-font heading-style-3 heading-2 hongo-section-heading\">Wir laden Sie zur Zusammenarbeit ein und entdecken Sie die Vielfalt der europ\u00e4ischen Mode mit unserem Gro\u00dfhandel!<\/div><\/div><\/div><\/div><\/section><section data-vc-full-width=\"true\" data-vc-full-width-init=\"false\" data-vc-stretch-content=\"true\" class=\"vc_row wpb_row vc_row-fluid  vc_custom_1563770221219   vc_column-gap-15 hongo-stretch-content vc_row-no-padding hongo-stretch-content-fluid  hongo_responsive_1563770221222\"><div class=\"wpb_column vc_column_container vc_col-has-fill vc_col-sm-6 vc_col-md-3 vc_col-xs-12\"><div class=\"vc_column-inner cover-background vc_custom_1715801875901\" style=\"min-height: 600px;\"><div class=\"wpb_wrapper\"><\/div><\/div><\/div><div class=\"wpb_column vc_column_container vc_col-has-fill vc_col-sm-6 vc_col-md-3 vc_col-xs-12\"><div class=\"vc_column-inner cover-background vc_custom_1715801861770\" style=\"min-height: 600px;\"><div class=\"wpb_wrapper\"><\/div><\/div><\/div><div class=\"wpb_column vc_column_container vc_col-has-fill vc_col-sm-12 vc_col-md-6 vc_col-xs-12\"><div class=\"vc_column-inner cover-background vc_custom_1715801982996\" style=\"min-height: 600px;\"><div class=\"wpb_wrapper\"><\/div><\/div><\/div><\/section><div class=\"vc_row-full-width vc_clearfix\"><\/div><section class=\"vc_row wpb_row vc_row-fluid  vc_custom_1572670801233   overflow-visible\"><div class=\"wpb_column vc_column_container col-xs-mobile-fullwidth vc_col-sm-12 vc_col-md-4 wow fadeIn sm-text-center\"><div class=\"vc_column-inner vc_custom_1572670749180  hongo_responsive_1572670749185\"><div class=\"wpb_wrapper\"><div class=\"alt-font heading-style-3 vc_custom_1717104359224  hongo_responsive_1717104359226 heading-3 hongo-section-heading\">\u00dcBER UNS<\/div><div class=\"text-block-content hongo-text-block-1 last-paragraph-no-margin  hongo_responsive_1717104589046\"><p>Willkommen in unserem Gro\u00dfhandel f\u00fcr exklusive Bekleidung! Wir sind Modenbegeisterte, die sich seit Jahren mit dem Import und Vertrieb hochwertiger Kleidungsst\u00fccke besch\u00e4ftigen und dabei die Eleganz des europ\u00e4ischen Stils mit h\u00f6chster Materialqualit\u00e4t verbinden.<\/p>\n<\/div><\/div><\/div><\/div><div class=\"wpb_column vc_column_container col-xs-mobile-fullwidth vc_col-sm-12 vc_col-md-8 wow fadeIn\"><div class=\"vc_column-inner\"><div class=\"wpb_wrapper\"><div class=\"vc_row wpb_row vc_inner vc_row-fluid\"><div class=\"wpb_column vc_column_container col-xs-mobile-fullwidth vc_col-sm-6\"><div class=\"vc_column-inner vc_custom_1572670772024  hongo_responsive_1572670772029\"><div class=\"wpb_wrapper\"><div class=\"hongo-featurebox-wrap hongo-product-featurebox icon-text-style-7 icon_text7-1\"><div class=\"hongo-featurebox-wrapper\"><div class=\"hongo-featurebox-img\"><i class=\"ti-check-box icon-extra-medium\"><\/i><\/div><div class=\"hongo-featurebox-text alt-font\">Hochwertige Kleidung<\/div><div class=\"content\">Wir bieten nur sorgf\u00e4ltig ausgew\u00e4hlte Kleidungsst\u00fccke von renommierten Herstellern aus Italien und Frankreich an, die exzellente Verarbeitung und einzigartiges Design garantieren.<\/div><\/div><\/div><\/div><\/div><\/div><div class=\"wpb_column vc_column_container col-xs-mobile-fullwidth vc_col-sm-6\"><div class=\"vc_column-inner vc_custom_1572670777000  hongo_responsive_1572670777005\"><div class=\"wpb_wrapper\"><div class=\"hongo-featurebox-wrap hongo-product-featurebox icon-text-style-7 icon_text7-2\"><div class=\"hongo-featurebox-wrapper\"><div class=\"hongo-featurebox-img\"><i class=\"ti-check-box icon-extra-medium\"><\/i><\/div><div class=\"hongo-featurebox-text alt-font\">Professioneller Service<\/div><div class=\"content\">Wir bieten jedem Kunden einen individuellen Ansatz und professionelle Betreuung in jeder Phase der Zusammenarbeit. Unser Team steht Ihnen mit Hilfe und Beratung zur Verf\u00fcgung, damit Ihre Eink\u00e4ufe reine Freude sind.<\/div><\/div><\/div><\/div><\/div><\/div><div class=\"wpb_column vc_column_container col-xs-mobile-fullwidth vc_col-sm-6\"><div class=\"vc_column-inner  hongo_responsive_1572670784469\"><div class=\"wpb_wrapper\"><div class=\"hongo-featurebox-wrap hongo-product-featurebox icon-text-style-7 icon_text7-3\"><div class=\"hongo-featurebox-wrapper\"><div class=\"hongo-featurebox-img\"><i class=\"ti-check-box icon-extra-medium\"><\/i><\/div><div class=\"hongo-featurebox-text alt-font\">Breites Sortiment<\/div><div class=\"content\">Unser Angebot umfasst hochwertige Damenbekleidung, unter der jeder etwas Passendes findet. Wir aktualisieren regelm\u00e4\u00dfig unsere Kollektionen, um immer den neuesten Trends zu entsprechen.<\/div><\/div><\/div><\/div><\/div><\/div><div class=\"wpb_column vc_column_container col-xs-mobile-fullwidth vc_col-sm-6\"><div class=\"vc_column-inner\"><div class=\"wpb_wrapper\"><div class=\"hongo-featurebox-wrap hongo-product-featurebox icon-text-style-7 icon_text7-4\"><div class=\"hongo-featurebox-wrapper\"><div class=\"hongo-featurebox-img\"><i class=\"ti-check-box icon-extra-medium\"><\/i><\/div><div class=\"hongo-featurebox-text alt-font\">Wettbewerbsf\u00e4hige Preise<\/div><div class=\"content\">Dank der direkten Zusammenarbeit mit Herstellern k\u00f6nnen wir exklusive Kleidung zu attraktiven Preisen anbieten, was es unseren Kunden erm\u00f6glicht, ihre Gewinne zu steigern und sich auf dem Markt zu behaupten.<\/div><\/div><\/div><\/div><\/div><\/div><\/div><\/div><\/div><\/div><\/section><section data-vc-full-width=\"true\" data-vc-full-width-init=\"false\" class=\"vc_row wpb_row vc_row-fluid  vc_custom_1715801597685   fix-background bg-position-center-center wow fadeIn vc_row-has-fill hongo-stretch-content hongo-stretch-row-container  hongo_responsive_1715801597688\"><div class=\"hongo-overlay\" style=\"opacity:0.5; z-index:0; \"><\/div><div class=\"wpb_column vc_column_container vc_col-has-fill col-xs-mobile-fullwidth vc_col-sm-10 vc_col-md-offset-2 vc_col-md-8 vc_col-sm-offset-1 wow fadeIn text-center\"><div class=\"vc_column-inner vc_custom_1572671047805  hongo_responsive_1572671047809\"><div class=\"wpb_wrapper\"><div class=\"alt-font heading-style-6 vc_custom_1717104373160  hongo_responsive_1717104373162 heading-4 hongo-section-heading hongo_font_1717104373160\"><span>EXKLUSIVE RABATTE F\u00dcR STAMMKUNDEN<\/span><\/div><div class=\"alt-font heading-style-3 vc_custom_1717104863434 heading-5 hongo-section-heading\">Je mehr Sie kaufen, desto weniger zahlen Sie!<\/div><div class=\"text-block-content hongo-text-block-2 vc_custom_1717104473170 last-paragraph-no-margin\"><p>In unserem Gro\u00dfhandel f\u00fcr Damenbekleidung legen wir Wert auf die Zufriedenheit unserer Kunden. Deshalb haben wir spezielle Mengenrabatte eingef\u00fchrt &#8211; je mehr Sie kaufen, desto weniger zahlen Sie!<\/p>\n<p>Wir bieten eine gro\u00dfe Auswahl an aktuellen Kollektionen zu attraktiven Preisen an, und bei gr\u00f6\u00dferen Bestellungen gew\u00e4hren wir zus\u00e4tzliche Rabatte. Dies ist die perfekte Gelegenheit, um Ihren Laden mit modischer und hochwertiger Kleidung zu best\u00fccken und dabei Kosten zu sparen.<\/p>\n<p>Nutzen Sie unser Angebot und \u00fcberzeugen Sie sich selbst, dass gr\u00f6\u00dfere Eink\u00e4ufe sich wirklich lohnen!<\/p>\n<\/div><a href=\"https:\/\/www.pmbhurt.com\/de\/kontakt\/\"  class=\"hongo-button-1 btn btn-dark-gray alt-font btn-small  hongo_button_1717173660629\">PREISE VERHANDELN<\/a><\/div><\/div><\/div><\/section><div class=\"vc_row-full-width vc_clearfix\"><\/div>\n<\/div>","protected":false},"excerpt":{"rendered":"SETZEN SIE AUF QUALIT\u00c4TWir laden Sie zur Zusammenarbeit ein und entdecken Sie die Vielfalt der europ\u00e4ischen Mode mit unserem Gro\u00dfhandel!\u00dcBER UNSWillkommen in unserem Gro\u00dfhandel f\u00fcr exklusive Bekleidung! Wir sind Modenbegeisterte, die sich seit Jahren mit dem Import und Vertrieb hochwertiger Kleidungsst\u00fccke besch\u00e4ftigen und dabei die Eleganz des europ\u00e4ischen Stils mit h\u00f6chster Materialqualit\u00e4t verbinden. Hochwertige KleidungWir bieten nur sorgf\u00e4ltig ausgew\u00e4hlte Kleidungsst\u00fccke von renommierten Herstellern aus Italien und Frankreich an, die exzellente Verarbeitung und einzigartiges Design garantieren.Professioneller ServiceWir bieten jedem Kunden einen individuellen Ansatz und professionelle Betreuung in jeder Phase der Zusammenarbeit. Unser Team steht Ihnen mit Hilfe und Beratung zur Verf\u00fcgung, damit Ihre Eink\u00e4ufe reine Freude sind.Breites SortimentUnser Angebot umfasst hochwertige Damenbekleidung, unter der jeder etwas Passendes findet. Wir aktualisieren regelm\u00e4\u00dfig unsere Kollektionen, um immer den neuesten Trends zu entsprechen.Wettbewerbsf\u00e4hige PreiseDank der direkten Zusammenarbeit mit Herstellern k\u00f6nnen wir exklusive Kleidung zu attraktiven Preisen anbieten, was es unseren Kunden erm\u00f6glicht, ihre Gewinne zu steigern und sich auf dem Markt zu behaupten.EXKLUSIVE RABATTE F\u00dcR STAMMKUNDENJe mehr Sie kaufen, desto weniger zahlen Sie!In unserem Gro\u00dfhandel f\u00fcr Damenbekleidung legen wir Wert auf die Zufriedenheit unserer Kunden. Deshalb haben wir spezielle Mengenrabatte eingef\u00fchrt - je mehr Sie kaufen, desto weniger zahlen Sie! Wir bieten eine gro\u00dfe...","protected":false},"author":1,"featured_media":0,"parent":0,"menu_order":0,"comment_status":"closed","ping_status":"closed","template":"","meta":{"footnotes":""},"class_list":["post-100235","page","type-page","status-publish","hentry"],"_links":{"self":[{"href":"https:\/\/www.pmbhurt.com\/de\/wp-json\/wp\/v2\/pages\/100235","targetHints":{"allow":["GET"]}}],"collection":[{"href":"https:\/\/www.pmbhurt.com\/de\/wp-json\/wp\/v2\/pages"}],"about":[{"href":"https:\/\/www.pmbhurt.com\/de\/wp-json\/wp\/v2\/types\/page"}],"author":[{"embeddable":true,"href":"https:\/\/www.pmbhurt.com\/de\/wp-json\/wp\/v2\/users\/1"}],"replies":[{"embeddable":true,"href":"https:\/\/www.pmbhurt.com\/de\/wp-json\/wp\/v2\/comments?post=100235"}],"version-history":[{"count":5,"href":"https:\/\/www.pmbhurt.com\/de\/wp-json\/wp\/v2\/pages\/100235\/revisions"}],"predecessor-version":[{"id":100323,"href":"https:\/\/www.pmbhurt.com\/de\/wp-json\/wp\/v2\/pages\/100235\/revisions\/100323"}],"wp:attachment":[{"href":"https:\/\/www.pmbhurt.com\/de\/wp-json\/wp\/v2\/media?parent=100235"}],"curies":[{"name":"wp","href":"https:\/\/api.w.org\/{rel}","templated":true}]}}