{"id":100315,"date":"2024-05-14T14:59:19","date_gmt":"2024-05-14T14:59:19","guid":{"rendered":"https:\/\/www.pmbhurt.com\/?page_id=100315"},"modified":"2024-05-31T20:22:28","modified_gmt":"2024-05-31T20:22:28","slug":"cookie-richtlinie","status":"publish","type":"page","link":"https:\/\/www.pmbhurt.com\/de\/cookie-richtlinie\/","title":{"rendered":"Cookie-Richtlinie"},"content":{"rendered":"<div class=\"wpb-content-wrapper\"><section class=\"vc_row wpb_row vc_row-fluid\"><div class=\"wpb_column vc_column_container col-xs-mobile-fullwidth vc_col-sm-12\"><div class=\"vc_column-inner\"><div class=\"wpb_wrapper\"><div class=\"text-block-content hongo-text-block-1 last-paragraph-no-margin\"><p>DIESE COOKIE-RICHTLINIE (im Folgenden als &#8222;Richtlinie&#8220; bezeichnet) gilt f\u00fcr die Website unter der Adresse www.pmbhurt.com (im Folgenden als &#8222;Website&#8220; bezeichnet) und dient der Information der Nutzer \u00fcber die Arten von Cookies, die auf der Website verwendet werden, den Zwecken ihrer Verwendung und den M\u00f6glichkeiten, die Cookie-Unterst\u00fctzung im Webbrowser zu deaktivieren.<\/p>\n<p>DEFINITIONEN<\/p>\n<p>Nutzer &#8211; jede nat\u00fcrliche Person, die die Website besucht oder eine oder mehrere der dort verf\u00fcgbaren Dienste oder Funktionen nutzt.<br \/>\nCookies &#8211; Textdateien, die vom Internetdienst gesendet und auf der Festplatte des Computers, Smartphones oder anderen Endger\u00e4ts gespeichert werden, mit dem der Nutzer eine Verbindung zum Internet herstellt.<br \/>\nPortale &#8211; soziale Netzwerke, insbesondere Facebook und Instagram, deren Plugins verwendet werden, um es dem Nutzer zu erm\u00f6glichen, die Schaltfl\u00e4chen &#8222;Gef\u00e4llt mir&#8220; oder &#8222;Teilen&#8220; zu klicken.<\/p>\n<p>ARTEN VON COOKIES AUF DER WEBSITE<\/p>\n<p>Auf der Website werden zwei grundlegende Arten von Cookies verwendet: &#8222;Sitzungscookies&#8220; und &#8222;permanente Cookies&#8220;.<\/p>\n<p>Sitzungscookies sind tempor\u00e4re Dateien, die auf dem Ger\u00e4t des Nutzers gespeichert werden, bis er sich ausloggt, die Website verl\u00e4sst oder die Software (den Webbrowser) schlie\u00dft.<\/p>\n<p>Permanente Cookies werden auf dem Ger\u00e4t des Nutzers f\u00fcr die in den Cookie-Parametern angegebene Zeit oder bis zu ihrer L\u00f6schung durch den Nutzer gespeichert.<\/p>\n<p>Auf der Website werden auch folgende spezifische Arten von Cookies verwendet:<\/p>\n<p>Eigene Cookies &#8211; von der Website stammend,<br \/>\nExterne Cookies &#8211; von externen Websites stammend,<br \/>\nKonfigurationscookies &#8211; erm\u00f6glichen die Einstellung von Funktionen auf der Website,<br \/>\nFunktionscookies &#8211; erm\u00f6glichen die Speicherung von vom Benutzer bevorzugten Funktionen,<br \/>\nNotwendige Cookies &#8211; erm\u00f6glichen die Nutzung der auf der Website verf\u00fcgbaren Dienste,<br \/>\nWerbungscookies &#8211; erm\u00f6glichen die Bereitstellung von Werbeinhalten, die auf die Interessen des Benutzers zugeschnitten sind.<\/p>\n<p>ZWECK DER COOKIE-VERWENDUNG<\/p>\n<p>Cookies werden zu folgenden Zwecken verwendet: Speichern von Anmeldeinformationen, Speichern des Inhalts des Benutzerwagens, Speichern von Anzeigeeinstellungen der Website, Erstellen von Statistiken und Berichten zur Nutzung der Website, Personalisierung des Erscheinungsbilds der Website durch Anzeige von f\u00fcr den Benutzer interessanten Produkten auf der Grundlage von gesammelten Informationen \u00fcber seine fr\u00fchere Aktivit\u00e4t auf der Website.<\/p>\n<p>GOOGLE ANALYTICS<\/p>\n<p>Google Analytics verwendet Cookies, um die Art und Weise zu analysieren, wie der Nutzer die Website nutzt. Google sammelt auf seinen Servern Daten aus Cookies auf den Ger\u00e4ten und verwendet diese Informationen zur Erstellung von Berichten und Bereitstellung anderer mit dem Internetverkehr und der Internetnutzung verbundener Dienste. Detaillierte Informationen zum Datenschutz finden Sie unter:<\/p>\n<p>SOZIALE PLUGINS<\/p>\n<p>Die Website verwendet Plugins, die von folgenden Portalen bereitgestellt werden: Facebook, Instagram. Diese Plugins erm\u00f6glichen die Verbindung der Website mit den Portalen, damit der Nutzer die Schaltfl\u00e4chen &#8222;Gef\u00e4llt mir&#8220; oder &#8222;Teilen&#8220; anklicken kann. Wenn der Benutzer bei den Portalen angemeldet ist, k\u00f6nnen diese sein Profil mit seinem Profil auf den Portalen verkn\u00fcpfen und erhalten die Information, dass der Benutzer die Website besucht hat. Wenn der Benutzer nicht bei den Portalen angemeldet ist, k\u00f6nnen diese ebenfalls Benutzerdaten erhalten. Wenn der Benutzer die Plugins verwendet, indem er auf die Schaltfl\u00e4chen &#8222;Gef\u00e4llt mir&#8220; oder &#8222;Teilen&#8220; klickt, wird auch diese Verwendungsdaten an die Server der Portale \u00fcbertragen. Wenn der Benutzer nicht m\u00f6chte, dass seine Daten mit Profilen auf den Portalen verkn\u00fcpft werden, kann er sich von den Portalen abmelden. Der Benutzer kann auch Plugins installieren, die verhindern, dass seine Daten von den Portalen abgerufen werden.<\/p>\n<p>VIDEO-PLUGIN<\/p>\n<p>Zur Wiedergabe von Videodateien verwendet die Website Plugins des YouTube-Dienstes. Wenn der Benutzer die Website \u00f6ffnet und auf die Plugin-Schaltfl\u00e4che klickt, wird eine Verbindung zu den Servern von YouTube hergestellt. Der YouTube-Server erh\u00e4lt die Information, dass der Benutzer die Website besucht hat. Wenn der Benutzer nicht m\u00f6chte, dass der YouTube-Dienst dar\u00fcber informiert wird, dass er die Website besucht hat, kann er sich von seinem Konto auf YouTube abmelden und Plugins installieren, die verhindern, dass seine Daten von YouTube abgerufen werden.<\/p>\n<p>GOOGLE ADWORDS<\/p>\n<p>Google AdWords verwendet Cookies, um die Richtigkeit und Wirksamkeit der Werbet\u00e4tigkeit der Website mit Google AdWords zu bewerten. Google sammelt auf seinen Servern Daten aus Cookies auf den Ger\u00e4ten und verwendet diese Informationen zur Erstellung von Berichten und Bereitstellung anderer mit dem Internetverkehr und der Internetnutzung verbundener Dienste. Diese Daten werden niemals mit personenbezogenen Daten des Nutzers verkn\u00fcpft und dienen nur statistischen Analysen und Mechanismen zur Fehlerkorrektur des Systems. Die Daten werden f\u00fcr 12 Monate nach der letzten Aktivit\u00e4t verarbeitet, danach wird das Cookie gel\u00f6scht. Der Benutzer kann die Cookies f\u00fcr Marketingzwecke in den Einstellungen seines Google-Kontos deaktivieren. Dar\u00fcber hinaus kann der Benutzer in den Cookie-Einstellungen auf der Website die Verwendung von Cookies f\u00fcr Marketingzwecke deaktivieren. Weitere Informationen zur Datenverarbeitung im Rahmen von Google AdWords finden Sie unter:<\/p>\n<p>DEAKTIVIERUNG VON COOKIES<\/p>\n<p>Der Benutzer kann die Verwendung von Cookies deaktivieren, indem er die Einstellungen seines Browsers \u00e4ndert. Detaillierte Informationen zum Deaktivieren von Cookies finden Sie im &#8222;Hilfe&#8220;-Abschnitt des Browsers, den der Benutzer aufrufen kann, indem er die F1-Taste dr\u00fcckt. Die Deaktivierung von Cookies kann die Nutzung der Funktionen der Website beeintr\u00e4chtigen.<\/p>\n<\/div><\/div><\/div><\/div><\/section>\n<\/div>","protected":false},"excerpt":{"rendered":"DIESE COOKIE-RICHTLINIE (im Folgenden als \"Richtlinie\" bezeichnet) gilt f\u00fcr die Website unter der Adresse www.pmbhurt.com (im Folgenden als \"Website\" bezeichnet) und dient der Information der Nutzer \u00fcber die Arten von Cookies, die auf der Website verwendet werden, den Zwecken ihrer Verwendung und den M\u00f6glichkeiten, die Cookie-Unterst\u00fctzung im Webbrowser zu deaktivieren. DEFINITIONEN Nutzer - jede nat\u00fcrliche Person, die die Website besucht oder eine oder mehrere der dort verf\u00fcgbaren Dienste oder Funktionen nutzt. Cookies - Textdateien, die vom Internetdienst gesendet und auf der Festplatte des Computers, Smartphones oder anderen Endger\u00e4ts gespeichert werden, mit dem der Nutzer eine Verbindung zum Internet herstellt. Portale - soziale Netzwerke, insbesondere Facebook und Instagram, deren Plugins verwendet werden, um es dem Nutzer zu erm\u00f6glichen, die Schaltfl\u00e4chen \"Gef\u00e4llt mir\" oder \"Teilen\" zu klicken. ARTEN VON COOKIES AUF DER WEBSITE Auf der Website werden zwei grundlegende Arten von Cookies verwendet: \"Sitzungscookies\" und \"permanente Cookies\". Sitzungscookies sind tempor\u00e4re Dateien, die auf dem Ger\u00e4t des Nutzers gespeichert werden, bis er sich ausloggt, die Website verl\u00e4sst oder die Software (den Webbrowser) schlie\u00dft. Permanente Cookies werden auf dem Ger\u00e4t des Nutzers f\u00fcr die in den Cookie-Parametern angegebene Zeit oder bis zu ihrer L\u00f6schung durch den Nutzer gespeichert. Auf der Website werden auch folgende...","protected":false},"author":1,"featured_media":0,"parent":0,"menu_order":0,"comment_status":"closed","ping_status":"closed","template":"","meta":{"footnotes":""},"class_list":["post-100315","page","type-page","status-publish","hentry"],"_links":{"self":[{"href":"https:\/\/www.pmbhurt.com\/de\/wp-json\/wp\/v2\/pages\/100315","targetHints":{"allow":["GET"]}}],"collection":[{"href":"https:\/\/www.pmbhurt.com\/de\/wp-json\/wp\/v2\/pages"}],"about":[{"href":"https:\/\/www.pmbhurt.com\/de\/wp-json\/wp\/v2\/types\/page"}],"author":[{"embeddable":true,"href":"https:\/\/www.pmbhurt.com\/de\/wp-json\/wp\/v2\/users\/1"}],"replies":[{"embeddable":true,"href":"https:\/\/www.pmbhurt.com\/de\/wp-json\/wp\/v2\/comments?post=100315"}],"version-history":[{"count":2,"href":"https:\/\/www.pmbhurt.com\/de\/wp-json\/wp\/v2\/pages\/100315\/revisions"}],"predecessor-version":[{"id":100334,"href":"https:\/\/www.pmbhurt.com\/de\/wp-json\/wp\/v2\/pages\/100315\/revisions\/100334"}],"wp:attachment":[{"href":"https:\/\/www.pmbhurt.com\/de\/wp-json\/wp\/v2\/media?parent=100315"}],"curies":[{"name":"wp","href":"https:\/\/api.w.org\/{rel}","templated":true}]}}