{"id":100317,"date":"2024-05-14T15:19:07","date_gmt":"2024-05-14T15:19:07","guid":{"rendered":"https:\/\/www.pmbhurt.com\/?page_id=100317"},"modified":"2024-05-31T20:18:28","modified_gmt":"2024-05-31T20:18:28","slug":"datenschutzrichtlinie","status":"publish","type":"page","link":"https:\/\/www.pmbhurt.com\/de\/datenschutzrichtlinie\/","title":{"rendered":"Datenschutzrichtlinie"},"content":{"rendered":"<div class=\"wpb-content-wrapper\"><section class=\"vc_row wpb_row vc_row-fluid\"><div class=\"wpb_column vc_column_container col-xs-mobile-fullwidth vc_col-sm-12\"><div class=\"vc_column-inner\"><div class=\"wpb_wrapper\"><div class=\"text-block-content hongo-text-block-1 last-paragraph-no-margin\"><p>**Datenschutzerkl\u00e4rung**<\/p>\n<p>Diese Datenschutzerkl\u00e4rung (im Folgenden als \u201eErkl\u00e4rung\u201c bezeichnet) gilt f\u00fcr die Website mit der Domain www.pmbhurt.com (im Folgenden als \u201eWebsite\u201c bezeichnet) und dient dazu, die Nutzer \u00fcber die Grunds\u00e4tze der Verarbeitung ihrer personenbezogenen Daten sowie \u00fcber ihre Rechte zu informieren.<\/p>\n<p>I. DEFINITIONEN<\/p>\n<p>Personenbezogene Daten \u2013 alle Informationen \u00fcber eine identifizierte oder identifizierbare nat\u00fcrliche Person durch einen oder mehrere spezifische Faktoren, die die physische, physiologische, genetische, psychische, wirtschaftliche, kulturelle oder soziale Identit\u00e4t bestimmen.<br \/>\nDSGVO \u2013 Verordnung (EU) 2016\/679 des Europ\u00e4ischen Parlaments und des Rates vom 27. April 2016 zum Schutz nat\u00fcrlicher Personen bei der Verarbeitung personenbezogener Daten und zum freien Datenverkehr sowie zur Aufhebung der Richtlinie 95\/46\/EG.<br \/>\nNutzer \u2013 jede nat\u00fcrliche Person, die die Website besucht oder eine oder mehrere der in der Erkl\u00e4rung beschriebenen Dienstleistungen oder Funktionen nutzt.<br \/>\nProfiling \u2013 jede Art der automatisierten Verarbeitung personenbezogener Daten, die darin besteht, personenbezogene Daten zu verwenden, um bestimmte pers\u00f6nliche Aspekte einer nat\u00fcrlichen Person zu bewerten.<\/p>\n<p>II. SPEICHERUNG UND SCHUTZ PERSONENBEZOGENER DATEN<\/p>\n<p>Personenbezogene Daten werden so verarbeitet, dass ein angemessenes Ma\u00df an Sicherheit gew\u00e4hrleistet ist, einschlie\u00dflich des Schutzes vor unbefugter oder unrechtm\u00e4\u00dfiger Verarbeitung sowie vor versehentlichem Verlust, Zerst\u00f6rung oder Besch\u00e4digung, mithilfe geeigneter technischer oder organisatorischer Ma\u00dfnahmen.<br \/>\nZum Schutz personenbezogener Daten ist die Website durch ein Zertifikat gesichert.<\/p>\n<p>III. VERANTWORTLICHER F\u00dcR DIE VERARBEITUNG PERSONENBEZOGENER DATEN<\/p>\n<p>Verantwortlicher f\u00fcr die \u00fcber die Website verarbeiteten personenbezogenen Daten ist das Unternehmen: Micha\u0142 Borowiecki, ul. Brukowa 8, 91-341 \u0141\u00f3d\u017a, mit der Steueridentifikationsnummer NIP: 728690030, (im Folgenden als \u201eVerantwortlicher\u201c bezeichnet).<br \/>\nVertreter des Verantwortlichen ist Micha\u0142 Borowiecki.<br \/>\nDer Kontakt mit dem Verantwortlichen ist \u00fcber das Kontaktformular auf der Website oder per E-Mail unter info@pmbhurt.com m\u00f6glich.<\/p>\n<p>IV. ZWECKE UND RECHTSGRUNDLAGEN DER DATENVERARBEITUNG<\/p>\n<p>Nachfolgend finden Sie eine detaillierte Beschreibung der personenbezogenen Daten der Nutzer, die von der Website verarbeitet werden, sowie die Zwecke und die Rechtsgrundlage ihrer Verarbeitung.<\/p>\n<p>Um die Registrierung auf der Website zu erm\u00f6glichen, verarbeitet der Verantwortliche folgende Daten:<br \/>\n1) Vorname und Nachname,<br \/>\n2) E-Mail-Adresse,<br \/>\n3) Telefonnummer,<br \/>\n4) Firmenname,<br \/>\n5) Steueridentifikationsnummer (NIP),<br \/>\n6) Passwort.<\/p>\n<p>Die Angabe der oben genannten personenbezogenen Daten ist freiwillig, jedoch notwendig, um ein Nutzerkonto zu erstellen. Die Weigerung, die oben genannten personenbezogenen Daten anzugeben, f\u00fchrt dazu, dass kein Vertrag geschlossen werden kann.<\/p>\n<p>Rechtsgrundlage der Datenverarbeitung: Durchf\u00fchrung von Ma\u00dfnahmen auf Anfrage der betroffenen Person (Art. 6 Abs. 1 Buchst. b DSGVO).<\/p>\n<p>Speicherdauer der Daten: Die Dauer des Bestehens des Nutzerkontos, danach werden die Daten f\u00fcr die Dauer der Verj\u00e4hrung m\u00f6glicher Anspr\u00fcche gespeichert (z. B. drei Jahre, wenn die personenbezogenen Daten andere Unternehmer betreffen, mit denen Vertr\u00e4ge im Zusammenhang mit der Gesch\u00e4ftst\u00e4tigkeit abgeschlossen wurden \u2013 Art. 118 BGB).<\/p>\n<p>Um den Kontakt mit dem Verantwortlichen zu erleichtern, k\u00f6nnen die Nutzer ihre Telefonnummer angeben.<br \/>\nRechtsgrundlage der Datenverarbeitung: Einwilligung des Nutzers (Art. 6 Abs. 1 Buchst. a DSGVO).<\/p>\n<p>Speicherdauer der Daten: Die Daten werden bis zum Widerruf der Einwilligung gespeichert, jedoch nicht l\u00e4nger als die Dauer der Verj\u00e4hrung m\u00f6glicher Anspr\u00fcche (z. B. drei Jahre, wenn die personenbezogenen Daten andere Unternehmer betreffen, mit denen Vertr\u00e4ge im Zusammenhang mit der Gesch\u00e4ftst\u00e4tigkeit abgeschlossen wurden \u2013 Art. 118 BGB).<\/p>\n<p>F\u00fcr die Aufgabe einer Bestellung gibt der Nutzer folgende Daten an:<br \/>\n1) Vorname und Nachname,<br \/>\n2) E-Mail-Adresse,<br \/>\n3) Telefonnummer,<br \/>\n4) Lieferadresse,<br \/>\n5) Rechnungsadresse.<\/p>\n<p>Die Angabe der oben genannten personenbezogenen Daten ist freiwillig, jedoch notwendig, um eine Bestellung aufzugeben. Die Weigerung, die Daten anzugeben, f\u00fchrt dazu, dass kein Vertrag geschlossen werden kann.<\/p>\n<p>Rechtsgrundlage der Datenverarbeitung: Erforderlichkeit der Verarbeitung zur Vertragserf\u00fcllung (Art. 6 Abs. 1 Buchst. b DSGVO).<\/p>\n<p>Speicherdauer der Daten: Dauer der Vertragserf\u00fcllung, danach werden die Daten f\u00fcr die Dauer der Verj\u00e4hrung m\u00f6glicher Anspr\u00fcche gespeichert (z. B. drei Jahre, wenn die personenbezogenen Daten andere Unternehmer betreffen, mit denen Vertr\u00e4ge im Zusammenhang mit der Gesch\u00e4ftst\u00e4tigkeit abgeschlossen wurden \u2013 Art. 118 BGB).<\/p>\n<p>F\u00fcr die Durchf\u00fchrung der Zahlung f\u00fcr die aufgegebene Bestellung gibt der Nutzer folgende Daten an:<br \/>\npersonenbezogene Daten, die von den Zahlungssystemen verlangt werden, \u00fcber die der Nutzer die Bestellung bezahlen kann.<\/p>\n<p>Die oben genannten personenbezogenen Daten werden gem\u00e4\u00df den Datenschutzrichtlinien der Eigent\u00fcmer der Zahlungssysteme verarbeitet.<\/p>\n<p>Um die Ausstellung einer Rechnung zu erm\u00f6glichen, k\u00f6nnen die Nutzer folgende Daten angeben:<br \/>\n1) vollst\u00e4ndiger Firmenname,<br \/>\n2) Steueridentifikationsnummer (NIP).<\/p>\n<p>Die Angabe der oben genannten Daten ist nicht erforderlich f\u00fcr die Vertragserf\u00fcllung.<\/p>\n<p>Rechtsgrundlage der Datenverarbeitung: Einwilligung des Nutzers (Art. 6 Abs. 1 Buchst. a DSGVO), Vertragserf\u00fcllung (Art. 6 Abs. 1 Buchst. b DSGVO), Ber\u00fccksichtigung der Rechnung in der Buchhaltung (Art. 6 Abs. 1 Buchst. c DSGVO).<\/p>\n<p>Speicherdauer der Daten: Daten \u00fcber abgeschlossene Zahlungen werden f\u00fcr die Dauer der Vertragserf\u00fcllung gespeichert und danach f\u00fcr die Dauer der Aufbewahrungspflicht der Buchhaltungsunterlagen (gem\u00e4\u00df Art. 74 des Rechnungslegungsgesetzes betr\u00e4gt dieser Zeitraum 5 Jahre).<\/p>\n<p>F\u00fcr die Anfrage \u00fcber das Kontaktformular oder per E-Mail gibt der Nutzer folgende Daten an:<br \/>\n1) E-Mail-Adresse,<br \/>\n2) Vorname und Nachname.<\/p>\n<p>Die Angabe der oben genannten Daten ist freiwillig, jedoch notwendig f\u00fcr die Bearbeitung der Anfragen der Nutzer. Die Nichtangabe der oben genannten Daten verhindert die Bearbeitung der Anfragen durch den Verantwortlichen.<\/p>\n<p>Rechtsgrundlage der Datenverarbeitung: berechtigtes Interesse des Verantwortlichen, die Anfragen der Nutzer zu bearbeiten (Art. 6 Abs. 1 Buchst. f DSGVO).<\/p>\n<p>Speicherdauer der Daten: Dauer der Beantwortung der Anfrage des Nutzers, jedoch nicht l\u00e4nger als bis zur Einlegung eines Widerspruchs gegen die Datenverarbeitung durch den Nutzer.<\/p>\n<p>Um dem Nutzer personalisierte Werbung zu liefern, sammelt der Verantwortliche folgende Daten:<br \/>\nBrowsertyp und Einstellungen,<br \/>\nInformationen \u00fcber das Betriebssystem des Ger\u00e4ts,<br \/>\nInformationen in Cookies (Cookies),<br \/>\nInformationen \u00fcber andere dem Ger\u00e4t zugewiesene Kennungen,<br \/>\nIP-Adresse, von der aus das Ger\u00e4t auf die Website oder mobile Anwendung zugreift,<br \/>\nInformationen \u00fcber die Aktivit\u00e4ten des Nutzers auf diesem Ger\u00e4t, einschlie\u00dflich besuchter oder genutzter Websites und mobiler Anwendungen,<br \/>\nInformationen \u00fcber die geografische Lage des Ger\u00e4ts w\u00e4hrend der Verbindung zur Website oder mobilen Anwendung.<br \/>\nDie oben genannten Daten unterliegen der automatisierten Entscheidungsfindung, einschlie\u00dflich Profiling. Auf der Grundlage dieser Daten w\u00e4hlt der Betreiber des Werbenetzwerks die Zielgruppe der Nutzer aus, denen anschlie\u00dfend auf ihre Bed\u00fcrfnisse und Interessen abgestimmte Werbung angezeigt wird.<\/p>\n<p>Profiling wird jedoch keine rechtlichen Auswirkungen auf die Nutzer haben oder ihre Situation wesentlich beeinflussen. Den Nutzern steht das Recht zu, Widerspruch gegen das Profiling einzulegen.<\/p>\n<p>Rechtsgrundlage der Datenverarbeitung: berechtigtes Interesse des Verantwortlichen, die durchgef\u00fchrten Marketingkampagnen zu optimieren.<\/p>\n<p>Speicherdauer der Daten: Die Daten werden bis zur Veralterung oder Nutzlosigkeit gespeichert, jedoch nicht l\u00e4nger als 3 Jahre.<\/p>\n<p>F\u00fcr die Bereitstellung des Newsletters sammelt der Verantwortliche folgende Daten:<br \/>\nE-Mail-Adresse des Nutzers.<\/p>\n<p>Bei der Anmeldung zum Newsletter werden an die vom Nutzer angegebene E-Mail-Adresse kommerzielle Informationen gesendet, von denen sich der Nutzer jederzeit abmelden kann, indem er sich auf seinem Konto auf der Website einloggt oder auf den Abmeldelink in der Fu\u00dfzeile jedes Newsletters klickt. Die personenbezogenen Daten der Nutzer werden zum Zweck der Bereitstellung des Newsletters verarbeitet. Die Angabe der Daten ist freiwillig, jedoch notwendig f\u00fcr die Bereitstellung des Dienstes. Ohne die Angabe der Daten kann der Dienst nicht bereitgestellt werden.<\/p>\n<p>Rechtsgrundlage der Datenverarbeitung: Einwilligung des Nutzers (Art. 6 Abs. 1 Buchst. a DSGVO).<\/p>\n<p>Speicherdauer der Daten: Die Daten werden bis zum Widerruf der Einwilligung gespeichert, jedoch nicht l\u00e4nger als 3 Jahre. Der Widerruf der Einwilligung ber\u00fchrt nicht die Rechtm\u00e4\u00dfigkeit der Verarbeitung, die aufgrund der Einwilligung vor ihrem Widerruf erfolgte.<\/p>\n<p>Um Anspr\u00fcche festzustellen, durchzusetzen, zu verteidigen und Beschwerden zu bearbeiten, kann der Verantwortliche folgende Daten verarbeiten:<br \/>\nVorname und Nachname,<br \/>\nE-Mail-Adresse,<br \/>\nIP-Adresse,<br \/>\nSteueridentifikationsnummer (NIP) und vollst\u00e4ndiger Firmenname (falls angegeben),<br \/>\nBestellnummer.<br \/>\nRechtsgrundlage der Datenverarbeitung: berechtigtes Interesse des Verantwortlichen, Anspr\u00fcche festzustellen, durchzusetzen, zu verteid<\/p>\n<p>igen und Beschwerden zu bearbeiten (Art. 6 Abs. 1 Buchst. f DSGVO).<\/p>\n<p>Speicherdauer der Daten: Bis zur Verj\u00e4hrung von Anspr\u00fcchen gem\u00e4\u00df den allgemein anwendbaren gesetzlichen Bestimmungen (z. B. drei Jahre gem\u00e4\u00df Art. 118 BGB).<\/p>\n<p>Um den Nutzern die R\u00fccknahme und den Ersatz von Produkten zu erm\u00f6glichen, kann der Verantwortliche folgende Daten verarbeiten:<br \/>\n1) Vorname und Nachname,<br \/>\n2) E-Mail-Adresse,<br \/>\n3) Telefonnummer,<br \/>\n4) Lieferadresse.<\/p>\n<p>Die Angabe der oben genannten personenbezogenen Daten ist freiwillig, jedoch notwendig, um das Recht auf R\u00fcckgabe und Ersatz von Produkten in Anspruch zu nehmen. Die Weigerung, die Daten anzugeben, f\u00fchrt dazu, dass dieses Recht nicht in Anspruch genommen werden kann.<\/p>\n<p>Rechtsgrundlage der Datenverarbeitung: Durchf\u00fchrung von Ma\u00dfnahmen auf Anfrage der betroffenen Person (Art. 6 Abs. 1 Buchst. b DSGVO).<\/p>\n<p>Speicherdauer der Daten: Dauer der Bearbeitung der R\u00fcckgabe- und Ersatzanfragen, danach f\u00fcr die Dauer der Verj\u00e4hrung m\u00f6glicher Anspr\u00fcche (z. B. drei Jahre, wenn die personenbezogenen Daten andere Unternehmer betreffen, mit denen Vertr\u00e4ge im Zusammenhang mit der Gesch\u00e4ftst\u00e4tigkeit abgeschlossen wurden \u2013 Art. 118 BGB).<\/p>\n<p>V. RECHTE DER NUTZER IN BEZUG AUF DIE VERARBEITUNG PERSONENBEZOGENER DATEN<\/p>\n<p>Nach den geltenden gesetzlichen Bestimmungen haben die Nutzer das Recht:<br \/>\n1) Zugang zu ihren personenbezogenen Daten zu erhalten,<br \/>\n2) Berichtigung ihrer personenbezogenen Daten zu verlangen,<br \/>\n3) L\u00f6schung ihrer personenbezogenen Daten zu verlangen,<br \/>\n4) Einschr\u00e4nkung der Verarbeitung ihrer personenbezogenen Daten zu verlangen,<br \/>\n5) Widerspruch gegen die Verarbeitung ihrer personenbezogenen Daten einzulegen,<br \/>\n6) Daten\u00fcbertragbarkeit zu verlangen,<br \/>\n7) Beschwerde bei einer Aufsichtsbeh\u00f6rde einzureichen.<\/p>\n<p>Zur Aus\u00fcbung der oben genannten Rechte kann der Nutzer den Verantwortlichen \u00fcber die auf der Website bereitgestellten Kontaktdaten kontaktieren.<\/p>\n<p>VI. COOKIES UND ANDERE TRACKING-TECHNOLOGIEN<\/p>\n<p>Die Website verwendet Cookies. Cookies sind kleine Textdateien, die auf dem Ger\u00e4t des Nutzers gespeichert werden. Sie enthalten Informationen, die f\u00fcr das ordnungsgem\u00e4\u00dfe Funktionieren der Website und f\u00fcr die Erbringung von Dienstleistungen erforderlich sind.<\/p>\n<p>Die Website verwendet verschiedene Arten von Cookies:<br \/>\n1) Notwendige Cookies \u2013 erm\u00f6glichen die Nutzung der auf der Website verf\u00fcgbaren Dienste, z. B. die Authentifizierung von Cookies, die f\u00fcr Dienste erforderlich sind, die Authentifizierung auf der Website erfordern,<br \/>\n2) Sicherheits-Cookies \u2013 werden zur Gew\u00e4hrleistung der Sicherheit verwendet, z. B. zur Erkennung von Missbrauch der Authentifizierung auf der Website,<br \/>\n3) Leistungs-Cookies \u2013 erm\u00f6glichen die Sammlung von Informationen \u00fcber die Nutzung der Website,<br \/>\n4) Funktionale Cookies \u2013 erm\u00f6glichen es dem Nutzer, die ausgew\u00e4hlten Einstellungen und die Personalisierung der Benutzeroberfl\u00e4che zu speichern, z. B. in Bezug auf die Sprache oder die Region, aus der der Nutzer kommt, Schriftgr\u00f6\u00dfe, Website-Layout usw.,<br \/>\n5) Werbe-Cookies \u2013 erm\u00f6glichen die Bereitstellung von Werbeinhalten, die auf die Interessen des Nutzers abgestimmt sind.<\/p>\n<p>Der Nutzer kann die Einstellungen f\u00fcr Cookies in seinem Webbrowser \u00e4ndern. Die Standardeinstellungen vieler Browser erm\u00f6glichen die Speicherung von Cookies auf dem Ger\u00e4t des Nutzers. Diese Einstellungen k\u00f6nnen so ge\u00e4ndert werden, dass die automatische Handhabung von Cookies blockiert wird oder der Nutzer informiert wird, wenn Cookies auf seinem Ger\u00e4t gespeichert werden.<\/p>\n<p>Die Nutzung der Website ohne \u00c4nderungen der Cookie-Einstellungen bedeutet, dass Cookies auf dem Ger\u00e4t des Nutzers gespeichert werden und dass der Verantwortliche Informationen auf dem Ger\u00e4t des Nutzers speichern und abrufen darf.<\/p>\n<p>VII. \u00c4NDERUNGEN DER DATENSCHUTZERKL\u00c4RUNG<\/p>\n<p>Der Verantwortliche beh\u00e4lt sich das Recht vor, diese Datenschutzerkl\u00e4rung jederzeit zu \u00e4ndern. \u00dcber \u00c4nderungen der Datenschutzerkl\u00e4rung werden die Nutzer auf der Website informiert.<\/p>\n<p>Die Datenschutzerkl\u00e4rung tritt am <a href=\"https:\/\/www.pmbhurt.com\/de\/datenschutzrichtlinie\/\">[Datum des Inkrafttretens]<\/a> in Kraft.<\/p>\n<\/div><\/div><\/div><\/div><\/section>\n<\/div>","protected":false},"excerpt":{"rendered":"**Datenschutzerkl\u00e4rung** Diese Datenschutzerkl\u00e4rung (im Folgenden als \u201eErkl\u00e4rung\u201c bezeichnet) gilt f\u00fcr die Website mit der Domain www.pmbhurt.com (im Folgenden als \u201eWebsite\u201c bezeichnet) und dient dazu, die Nutzer \u00fcber die Grunds\u00e4tze der Verarbeitung ihrer personenbezogenen Daten sowie \u00fcber ihre Rechte zu informieren. I. DEFINITIONEN Personenbezogene Daten \u2013 alle Informationen \u00fcber eine identifizierte oder identifizierbare nat\u00fcrliche Person durch einen oder mehrere spezifische Faktoren, die die physische, physiologische, genetische, psychische, wirtschaftliche, kulturelle oder soziale Identit\u00e4t bestimmen. DSGVO \u2013 Verordnung (EU) 2016\/679 des Europ\u00e4ischen Parlaments und des Rates vom 27. April 2016 zum Schutz nat\u00fcrlicher Personen bei der Verarbeitung personenbezogener Daten und zum freien Datenverkehr sowie zur Aufhebung der Richtlinie 95\/46\/EG. Nutzer \u2013 jede nat\u00fcrliche Person, die die Website besucht oder eine oder mehrere der in der Erkl\u00e4rung beschriebenen Dienstleistungen oder Funktionen nutzt. Profiling \u2013 jede Art der automatisierten Verarbeitung personenbezogener Daten, die darin besteht, personenbezogene Daten zu verwenden, um bestimmte pers\u00f6nliche Aspekte einer nat\u00fcrlichen Person zu bewerten. II. SPEICHERUNG UND SCHUTZ PERSONENBEZOGENER DATEN Personenbezogene Daten werden so verarbeitet, dass ein angemessenes Ma\u00df an Sicherheit gew\u00e4hrleistet ist, einschlie\u00dflich des Schutzes vor unbefugter oder unrechtm\u00e4\u00dfiger Verarbeitung sowie vor versehentlichem Verlust, Zerst\u00f6rung oder Besch\u00e4digung, mithilfe geeigneter technischer oder organisatorischer Ma\u00dfnahmen. Zum Schutz personenbezogener Daten ist die Website...","protected":false},"author":1,"featured_media":0,"parent":0,"menu_order":0,"comment_status":"closed","ping_status":"closed","template":"","meta":{"footnotes":""},"class_list":["post-100317","page","type-page","status-publish","hentry"],"_links":{"self":[{"href":"https:\/\/www.pmbhurt.com\/de\/wp-json\/wp\/v2\/pages\/100317","targetHints":{"allow":["GET"]}}],"collection":[{"href":"https:\/\/www.pmbhurt.com\/de\/wp-json\/wp\/v2\/pages"}],"about":[{"href":"https:\/\/www.pmbhurt.com\/de\/wp-json\/wp\/v2\/types\/page"}],"author":[{"embeddable":true,"href":"https:\/\/www.pmbhurt.com\/de\/wp-json\/wp\/v2\/users\/1"}],"replies":[{"embeddable":true,"href":"https:\/\/www.pmbhurt.com\/de\/wp-json\/wp\/v2\/comments?post=100317"}],"version-history":[{"count":2,"href":"https:\/\/www.pmbhurt.com\/de\/wp-json\/wp\/v2\/pages\/100317\/revisions"}],"predecessor-version":[{"id":100333,"href":"https:\/\/www.pmbhurt.com\/de\/wp-json\/wp\/v2\/pages\/100317\/revisions\/100333"}],"wp:attachment":[{"href":"https:\/\/www.pmbhurt.com\/de\/wp-json\/wp\/v2\/media?parent=100317"}],"curies":[{"name":"wp","href":"https:\/\/api.w.org\/{rel}","templated":true}]}}