{"id":100319,"date":"2024-05-15T12:59:36","date_gmt":"2024-05-15T12:59:36","guid":{"rendered":"https:\/\/www.pmbhurt.com\/?page_id=100319"},"modified":"2024-05-31T19:45:40","modified_gmt":"2024-05-31T19:45:40","slug":"nutzungsbedingungen-der-webseite","status":"publish","type":"page","link":"https:\/\/www.pmbhurt.com\/de\/nutzungsbedingungen-der-webseite\/","title":{"rendered":"Nutzungsbedingungen der Webseite"},"content":{"rendered":"<div class=\"wpb-content-wrapper\"><section class=\"vc_row wpb_row vc_row-fluid\"><div class=\"wpb_column vc_column_container col-xs-mobile-fullwidth vc_col-sm-12\"><div class=\"vc_column-inner\"><div class=\"wpb_wrapper\"><div class=\"text-block-content hongo-text-block-1 last-paragraph-no-margin\"><p>ALLGEMEINE BESTIMMUNGEN<\/p>\n<p>Der Shop www.pmbhurt.com operiert gem\u00e4\u00df den in dieser Gesch\u00e4ftsordnung festgelegten Grunds\u00e4tzen. Die Gesch\u00e4ftsordnung legt die Bedingungen f\u00fcr den Abschluss und die Aufl\u00f6sung von Kaufvertr\u00e4gen \u00fcber Produkte sowie das Reklamationsverfahren fest. Sie definiert auch die Art und den Umfang der elektronischen Dienstleistungen, die von www.pmbhurt.com angeboten werden, die Bedingungen f\u00fcr deren Bereitstellung sowie die Bedingungen f\u00fcr den Abschluss und die Aufl\u00f6sung von Vertr\u00e4gen \u00fcber elektronische Dienstleistungen. Jeder Benutzer des Shops www.pmbhurt.com ist verpflichtet, die Bestimmungen dieser Gesch\u00e4ftsordnung einzuhalten. Der Verk\u00e4ufer ist der Verwalter der pers\u00f6nlichen Daten der Kunden, die \u00fcber den Shop gesammelt werden. Die Regeln f\u00fcr die Verarbeitung pers\u00f6nlicher Daten, Informationen \u00fcber die Empf\u00e4nger der pers\u00f6nlichen Daten und die Rechte der Kunden im Zusammenhang mit der Verarbeitung ihrer pers\u00f6nlichen Daten sind in der im Shop verf\u00fcgbaren Datenschutzrichtlinie festgelegt. F\u00fcr nicht durch diese Gesch\u00e4ftsordnung geregelte Angelegenheiten gelten die Bestimmungen:<br \/>\n&#8211; des Gesetzes \u00fcber die Erbringung elektronischer Dienstleistungen vom 18. Juli 2002,<br \/>\n&#8211; des Gesetzes \u00fcber Verbraucherrechte vom 30. Mai 2014,<br \/>\n&#8211; des Gesetzes \u00fcber die au\u00dfergerichtliche Beilegung von Verbraucherrechtsstreitigkeiten vom 23. September 2016,<br \/>\n&#8211; des Zivilgesetzbuches vom 23. April 1964 und andere relevante Bestimmungen des polnischen Rechts.<\/p>\n<p>DEFINITIONEN IN DER GESCH\u00c4FTSORDNUNG<\/p>\n<p>BESTELLFORMULAR \u2013 Ein auf der Website www.pmbhurt.com verf\u00fcgbares Formular, das es erm\u00f6glicht, eine Bestellung aufzugeben.<br \/>\nKUNDE \u2013 Eine gesch\u00e4ftliche oder gesellschaftliche Person, die beabsichtigt, einen Kaufvertrag mit dem Verk\u00e4ufer abzuschlie\u00dfen oder abgeschlossen hat.<br \/>\nVERBRAUCHER \u2013 Eine nat\u00fcrliche Person, die mit einem Unternehmer eine Rechtshandlung vornimmt, die nicht direkt mit ihrer gesch\u00e4ftlichen oder beruflichen T\u00e4tigkeit zusammenh\u00e4ngt, oder eine nat\u00fcrliche Person, die einen Vertrag direkt im Zusammenhang mit ihrer gesch\u00e4ftlichen T\u00e4tigkeit abschlie\u00dft, wenn der Inhalt des Vertrages ergibt, dass dieser f\u00fcr sie keinen beruflichen Charakter hat (Unternehmer mit Verbraucherrechten).<br \/>\nUNTERNEHMER \u2013 Eine nat\u00fcrliche Person, eine juristische Person und eine Organisationseinheit, die keine juristische Person ist, der das Gesetz die Rechtsf\u00e4higkeit verleiht und die in eigenem Namen eine gesch\u00e4ftliche oder berufliche T\u00e4tigkeit aus\u00fcbt.<br \/>\nPRODUKT \u2013 Ein im Shop erh\u00e4ltlicher beweglicher Gegenstand, der Gegenstand des Kaufvertrages zwischen dem Kunden und dem Verk\u00e4ufer ist.<br \/>\nGESCH\u00c4FTSORDNUNG \u2013 Diese Gesch\u00e4ftsordnung des Shops.<br \/>\nSHOP \u2013 Der Online-Shop des Dienstleisters unter der Adresse www.pmbhurt.com.<br \/>\nVERK\u00c4UFER \u2013 Unternehmer: Micha\u0142 Borowiecki, ul. Brukowa 8, 91-341 \u0141\u00f3d\u017a, mit der Unternehmensnummer NIP: 728690030, E-Mail: info@pmbhurt.com.<br \/>\nKAUFVERTRAG \u2013 Ein Kaufvertrag \u00fcber ein Produkt, der zwischen dem Kunden und dem Verk\u00e4ufer \u00fcber den Shop abgeschlossen wird.<br \/>\nBESTELLUNG \u2013 Eine Willenserkl\u00e4rung des Kunden, die direkt darauf abzielt, einen Kaufvertrag mit dem Verk\u00e4ufer abzuschlie\u00dfen.<br \/>\nPREIS \u2013 Der in W\u00e4hrungseinheiten ausgedr\u00fcckte Betrag, den der Kunde dem Verk\u00e4ufer f\u00fcr das Produkt im Rahmen des Kaufvertrages zu zahlen hat.<\/p>\n<p>INFORMATIONEN ZU PRODUKTEN UND IHRER BESTELLUNG<\/p>\n<p>Der Shop www.pmbhurt.com verkauft Produkte \u00fcber das Internet. Die im Shop angebotenen Produkte sind neu, vertragsgem\u00e4\u00df und legal auf dem polnischen Markt eingef\u00fchrt. Der auf der Website des Shops angezeigte Preis f\u00fcr ein Produkt ist in polnischen Zloty (PLN) angegeben und enth\u00e4lt keine Steuern. Die Kosten f\u00fcr die Lieferung sind ebenfalls nicht im Preis enthalten. Bestellungen k\u00f6nnen \u00fcber die Website des Shops mittels des Bestellformulars (www.pmbhurt.com) 24 Stunden am Tag, das ganze Jahr \u00fcber aufgegeben werden. Voraussetzung f\u00fcr eine Bestellung im Shop durch den Kunden ist die Kenntnisnahme der Gesch\u00e4ftsordnung und der Datenschutzrichtlinie des Shops sowie deren Akzeptanz w\u00e4hrend der Bestellung.<\/p>\n<p>ABSCHLUSS DES KAUFVERTRAGS<\/p>\n<p>Der Kunde kauft Produkte, indem er jedes ausgew\u00e4hlte Produkt in den Warenkorb legt und auf die Schaltfl\u00e4che \u201eZUR BESTELLUNG HINZUF\u00dcGEN\u201c klickt und anschlie\u00dfend die Liefer- und Zahlungsmethoden f\u00fcr die Produkte ausw\u00e4hlt. Nach der Auswahl der Produkte sowie der Liefer- und Zahlungsmethoden geht der Kunde zur Bestellabwicklung \u00fcber, indem er auf die Schaltfl\u00e4che \u201eZUR ZAHLUNG \u00dcBERGEHEN\u201c klickt. Der Kunde gibt dann im Formular die zur Ausf\u00fchrung der Bestellung erforderlichen Daten an, insbesondere die Identifikationsdaten des Kunden, die Lieferadresse, die E-Mail-Adresse des Kunden und die Telefonnummer. Nach dem Ausf\u00fcllen der Pflichtfelder des Formulars und der Akzeptanz der Gesch\u00e4ftsordnung und der Datenschutzrichtlinie durch den Kunden sowie durch das Klicken auf die Schaltfl\u00e4che \u201eKaufen und Bezahlen\u201c wird die Bestellung aufgegeben. Nach der Aufgabe der Bestellung best\u00e4tigt der Verk\u00e4ufer unverz\u00fcglich den Erhalt der Bestellung an die vom Kunden angegebene E-Mail-Adresse. Die Best\u00e4tigung des Bestelleingangs bindet den Kunden an seine Bestellung und f\u00fchrt zum Abschluss eines Kaufvertrages zwischen dem Verk\u00e4ufer und dem Kunden. Die Best\u00e4tigung des Bestelleingangs erfolgt durch das Versenden einer E-Mail. Die Best\u00e4tigung des Bestelleingangs enth\u00e4lt:<br \/>\n&#8211; die Best\u00e4tigung aller wesentlichen Elemente der Bestellung.<br \/>\nJeder Kaufvertrag wird durch einen Kaufbeleg best\u00e4tigt, der dem Produkt beigef\u00fcgt wird.<\/p>\n<p>ZAHLUNGSMETHODEN<\/p>\n<p>Der Verk\u00e4ufer bietet die folgenden Zahlungsmethoden an:<br \/>\n&#8211; Zahlung per traditioneller \u00dcberweisung auf das Bankkonto des Verk\u00e4ufers.<br \/>\nBei Zahlung per traditioneller \u00dcberweisung ist die Zahlung auf das folgende Bankkonto zu leisten: &#8230; Im \u00dcberweisungsvermerk ist \u201eBestellung Nr. \u2026\u201c anzugeben.<br \/>\nWenn der Kunde die Zahlung per \u00dcberweisung w\u00e4hlt, ist er verpflichtet, den Kaufpreis innerhalb von 7 Werktagen nach Abschluss des Kaufvertrages zu zahlen, es sei denn, der Kaufvertrag sieht etwas anderes vor. Das Produkt wird erst nach Eingang der Zahlung versendet.<\/p>\n<p>KOSTEN, LIEFERZEIT UND METHODEN DER PRODUKTLIEFERUNG<\/p>\n<p>Die Versandkosten des Produkts, die vom Kunden getragen werden, werden w\u00e4hrend des Bestellvorgangs festgelegt. Die Lieferzeit des Produkts setzt sich aus der Zeit f\u00fcr die Zusammenstellung des Produkts und der Lieferzeit durch den Spediteur zusammen:<br \/>\n&#8211; Die Zusammenstellungszeit der Produkte betr\u00e4gt bis zu 7 Werktage,<br \/>\n&#8211; Die Lieferung von beweglichen Sachen durch den Spediteur erfolgt innerhalb der von ihm angegebenen Frist, d. h. bis zu 3 Werktage ab Versanddatum.<br \/>\nDie Lieferung der Produkte erfolgt nur an Werktagen, d. h. unter Ausschluss von Samstagen, Sonntagen und Feiertagen. Die im Shop gekauften Produkte werden nur innerhalb Polens \u00fcber die Polnische Post oder ein Kurierunternehmen versendet.<\/p>\n<p>PRODUKTREKLAMATION<\/p>\n<p>Die Grundlage und der Umfang der Haftung des Verk\u00e4ufers gegen\u00fcber dem Kunden, der ein Verbraucher ist, wenn das verkaufte Produkt einen Mangel aufweist, ergeben sich aus den allgemein geltenden gesetzlichen Bestimmungen, einschlie\u00dflich des Verbraucherrechts. Bei Vertr\u00e4gen, die bis zum 31.12.2022 abgeschlossen wurden, ergeben sich die Grundlage und der Umfang der Haftung des Verk\u00e4ufers gegen\u00fcber dem Kunden aus dem Zivilgesetzbuch. Bei Vertr\u00e4gen, die am 1.01.2023 abgeschlossen wurden, gelten die in dieser Gesch\u00e4ftsordnung beschriebenen Grunds\u00e4tze. Im Falle von Vertragswidrigkeiten des Produkts stehen dem Verbraucher die in den geltenden gesetzlichen Bestimmungen, insbesondere im Verbraucherrechtsgesetz, vorgesehenen Rechte zu. Der Verk\u00e4ufer informiert hiermit \u00fcber die gesetzlich vorgesehene Haftung des Unternehmers f\u00fcr die Vertragskonformit\u00e4t der Leistung. Der Verbraucher hat das Recht, die Garantie in Anspruch zu nehmen, sofern diese gew\u00e4hrt wurde. Der Verbraucher nimmt zur Kenntnis, dass im Falle des Verkaufs eines als mangelhaft beschriebenen Produkts der Mangel in der Produktkarte beschrieben ist. Ein Produkt ist vertragskonform, wenn es mit der Vereinbarung \u00fcbereinstimmt, einschlie\u00dflich Beschreibung, Art, Menge, Qualit\u00e4t, Vollst\u00e4ndigkeit und Funktionalit\u00e4t sowie, im Falle von Produkten mit digitalen Elementen, auch Kompatibilit\u00e4t, Interoperabilit\u00e4t und Verf\u00fcgbarkeit von Updates sowie Eignung f\u00fcr den besonderen Zweck, den der Verbraucher dem Verk\u00e4ufer mitgeteilt hat. Wenn ein Produkt nicht vertragskonform ist, kann der Verbraucher dessen Reparatur oder Austausch verlangen. Der Verk\u00e4ufer kann einen Austausch vornehmen, wenn der Verbraucher eine Reparatur verlangt, oder eine Reparatur vornehmen, wenn der Verbraucher einen Austausch verlangt, wenn die Herstellung der Vertragskonformit\u00e4t des Produkts auf die vom Verbraucher gew\u00e4hlte Weise unm\u00f6glich oder mit unverh\u00e4ltnism\u00e4\u00dfigen Kosten f\u00fcr den Unternehmer verbunden ist. Wenn die Reparatur und der Austausch unm\u00f6glich sind oder unverh\u00e4ltnism\u00e4\u00dfige Kosten f\u00fcr den Unternehmer verursachen, kann dieser die Herstellung der Vertragskonformit\u00e4t des Produkts verweigern. Der Verk\u00e4ufer f\u00fchrt die Reparatur oder den Austausch in einer angemessenen Frist durch, nachdem er vom Verbraucher \u00fcber die Vertragswidrigkeit informiert wurde, und ohne erhebliche Unannehmlichkeiten f\u00fcr den Verbraucher, unter Ber\u00fccksichtigung der Spezifikationen des Produkts und des Zwecks, f\u00fcr den der Verbraucher es erworben hat. Die Kosten der Reparatur oder des Austauschs, insbesondere die Kosten der Postgeb\u00fchren, des Transports, der Arbeitskr\u00e4fte und der Materialien, tr\u00e4gt der Verk\u00e4ufer. Der Verbraucher stellt dem Verk\u00e4ufer das Produkt zur Reparatur oder zum<\/p>\n<p>Austausch zur Verf\u00fcgung. Der Verbraucher ist verpflichtet, das Produkt an die Adresse des Verk\u00e4ufers zu liefern. Der Verk\u00e4ufer holt auf seine Kosten das Produkt zur Reparatur oder zum Austausch ab. Wenn der Verk\u00e4ufer das Produkt zur Reparatur entgegengenommen hat, um die Anforderungen an die Vertragskonformit\u00e4t herzustellen, hat der Verbraucher Anspruch auf die Einstellung der Nutzung des Produkts bis zu dessen Austausch. Der Verk\u00e4ufer erstattet dem Verbraucher die angemessenen Kosten des Austauschs des Produkts. Der Verk\u00e4ufer tr\u00e4gt keine Verantwortung f\u00fcr M\u00e4ngel oder Sch\u00e4den, die durch unsachgem\u00e4\u00dfen Gebrauch oder unsachgem\u00e4\u00dfe Lagerung des Produkts verursacht wurden.<\/p>\n<p>VERTRAGSAUFL\u00d6SUNG UND R\u00dcCKGABERECHT<\/p>\n<p>Der Verbraucher kann innerhalb von 14 Tagen nach Erhalt der Ware ohne Angabe von Gr\u00fcnden vom Kaufvertrag zur\u00fccktreten. Das R\u00fccktrittsrecht steht dem Verbraucher nur dann zu, wenn das Produkt in unversehrtem Zustand ist und keine Gebrauchsspuren aufweist. Um vom Vertrag zur\u00fcckzutreten, hat der Verbraucher den Verk\u00e4ufer schriftlich zu benachrichtigen und das Produkt an die Adresse des Verk\u00e4ufers zur\u00fcckzusenden. Die R\u00fccksendung des Produkts erfolgt auf Kosten des Verbrauchers. Der Verk\u00e4ufer erstattet dem Verbraucher den Kaufpreis innerhalb von 14 Tagen nach Erhalt des zur\u00fcckgesandten Produkts. Der Verbraucher hat die Kosten der R\u00fccksendung des Produkts zu tragen. Das R\u00fccktrittsrecht steht dem Verbraucher nicht zu, wenn das Produkt nach seinen Spezifikationen angefertigt wurde oder eindeutig auf seine pers\u00f6nlichen Bed\u00fcrfnisse zugeschnitten ist.<\/p>\n<\/div><\/div><\/div><\/div><\/section>\n<\/div>","protected":false},"excerpt":{"rendered":"ALLGEMEINE BESTIMMUNGEN Der Shop www.pmbhurt.com operiert gem\u00e4\u00df den in dieser Gesch\u00e4ftsordnung festgelegten Grunds\u00e4tzen. Die Gesch\u00e4ftsordnung legt die Bedingungen f\u00fcr den Abschluss und die Aufl\u00f6sung von Kaufvertr\u00e4gen \u00fcber Produkte sowie das Reklamationsverfahren fest. Sie definiert auch die Art und den Umfang der elektronischen Dienstleistungen, die von www.pmbhurt.com angeboten werden, die Bedingungen f\u00fcr deren Bereitstellung sowie die Bedingungen f\u00fcr den Abschluss und die Aufl\u00f6sung von Vertr\u00e4gen \u00fcber elektronische Dienstleistungen. Jeder Benutzer des Shops www.pmbhurt.com ist verpflichtet, die Bestimmungen dieser Gesch\u00e4ftsordnung einzuhalten. Der Verk\u00e4ufer ist der Verwalter der pers\u00f6nlichen Daten der Kunden, die \u00fcber den Shop gesammelt werden. Die Regeln f\u00fcr die Verarbeitung pers\u00f6nlicher Daten, Informationen \u00fcber die Empf\u00e4nger der pers\u00f6nlichen Daten und die Rechte der Kunden im Zusammenhang mit der Verarbeitung ihrer pers\u00f6nlichen Daten sind in der im Shop verf\u00fcgbaren Datenschutzrichtlinie festgelegt. F\u00fcr nicht durch diese Gesch\u00e4ftsordnung geregelte Angelegenheiten gelten die Bestimmungen: - des Gesetzes \u00fcber die Erbringung elektronischer Dienstleistungen vom 18. Juli 2002, - des Gesetzes \u00fcber Verbraucherrechte vom 30. Mai 2014, - des Gesetzes \u00fcber die au\u00dfergerichtliche Beilegung von Verbraucherrechtsstreitigkeiten vom 23. September 2016, - des Zivilgesetzbuches vom 23. April 1964 und andere relevante Bestimmungen des polnischen Rechts. DEFINITIONEN IN DER GESCH\u00c4FTSORDNUNG BESTELLFORMULAR \u2013 Ein auf der Website www.pmbhurt.com verf\u00fcgbares...","protected":false},"author":1,"featured_media":0,"parent":0,"menu_order":0,"comment_status":"closed","ping_status":"closed","template":"","meta":{"footnotes":""},"class_list":["post-100319","page","type-page","status-publish","hentry"],"_links":{"self":[{"href":"https:\/\/www.pmbhurt.com\/de\/wp-json\/wp\/v2\/pages\/100319","targetHints":{"allow":["GET"]}}],"collection":[{"href":"https:\/\/www.pmbhurt.com\/de\/wp-json\/wp\/v2\/pages"}],"about":[{"href":"https:\/\/www.pmbhurt.com\/de\/wp-json\/wp\/v2\/types\/page"}],"author":[{"embeddable":true,"href":"https:\/\/www.pmbhurt.com\/de\/wp-json\/wp\/v2\/users\/1"}],"replies":[{"embeddable":true,"href":"https:\/\/www.pmbhurt.com\/de\/wp-json\/wp\/v2\/comments?post=100319"}],"version-history":[{"count":2,"href":"https:\/\/www.pmbhurt.com\/de\/wp-json\/wp\/v2\/pages\/100319\/revisions"}],"predecessor-version":[{"id":100328,"href":"https:\/\/www.pmbhurt.com\/de\/wp-json\/wp\/v2\/pages\/100319\/revisions\/100328"}],"wp:attachment":[{"href":"https:\/\/www.pmbhurt.com\/de\/wp-json\/wp\/v2\/media?parent=100319"}],"curies":[{"name":"wp","href":"https:\/\/api.w.org\/{rel}","templated":true}]}}